{"id":258,"date":"2025-01-31T15:44:39","date_gmt":"2025-01-31T15:44:39","guid":{"rendered":"https:\/\/xycoldroom.com\/?page_id=258"},"modified":"2025-05-05T03:19:35","modified_gmt":"2025-05-05T03:19:35","slug":"about-us","status":"publish","type":"page","link":"https:\/\/xycoldroom.com\/vi\/about-us\/","title":{"rendered":"Gi\u1edbi thi\u1ec7u v\u1ec1 ch\u00fang t\u00f4i"},"content":{"rendered":"<div data-elementor-type=\"wp-page\" data-elementor-id=\"258\" class=\"elementor elementor-258\" data-elementor-post-type=\"page\">\n\t\t\t\t<div class=\"elementor-element elementor-element-76e43a5 e-con-full e-flex e-con e-parent\" data-id=\"76e43a5\" data-element_type=\"container\" data-e-type=\"container\" data-settings=\"{&quot;background_background&quot;:&quot;classic&quot;,&quot;ekit_has_onepagescroll_dot&quot;:&quot;yes&quot;}\">\n\t\t\t\t<div class=\"elementor-element elementor-element-e72afc8 elementor-widget elementor-widget-heading\" data-id=\"e72afc8\" data-element_type=\"widget\" data-e-type=\"widget\" data-settings=\"{&quot;ekit_we_effect_on&quot;:&quot;none&quot;}\" data-widget_type=\"heading.default\">\n\t\t\t\t<div class=\"elementor-widget-container\">\n\t\t\t\t\t<h2 class=\"elementor-heading-title elementor-size-default\">v\u1ec1 ch\u00fang t\u00f4i<\/h2>\t\t\t\t<\/div>\n\t\t\t\t<\/div>\n\t\t\t\t<\/div>\n\t\t<div class=\"elementor-element elementor-element-f70f026 e-flex e-con-boxed e-con e-parent\" data-id=\"f70f026\" data-element_type=\"container\" data-e-type=\"container\" data-settings=\"{&quot;ekit_has_onepagescroll_dot&quot;:&quot;yes&quot;}\">\n\t\t\t\t\t<div class=\"e-con-inner\">\n\t\t\t\t<div class=\"elementor-element elementor-element-24d6351 elementor-icon-list--layout-inline elementor-list-item-link-full_width elementor-widget elementor-widget-icon-list\" data-id=\"24d6351\" data-element_type=\"widget\" data-e-type=\"widget\" data-settings=\"{&quot;ekit_we_effect_on&quot;:&quot;none&quot;}\" data-widget_type=\"icon-list.default\">\n\t\t\t\t<div class=\"elementor-widget-container\">\n\t\t\t\t\t\t\t<ul class=\"elementor-icon-list-items elementor-inline-items\">\n\t\t\t\t\t\t\t<li class=\"elementor-icon-list-item elementor-inline-item\">\n\t\t\t\t\t\t\t\t\t\t\t<a href=\"https:\/\/xycoldroom.com\/\" target=\"_blank\">\n\n\t\t\t\t\t\t\t\t\t\t\t\t<span class=\"elementor-icon-list-icon\">\n\t\t\t\t\t\t\t<svg aria-hidden=\"true\" class=\"e-font-icon-svg e-fas-home\" viewbox=\"0 0 576 512\" xmlns=\"http:\/\/www.w3.org\/2000\/svg\"><path d=\"M280.37 148.26L96 300.11V464a16 16 0 0 0 16 16l112.06-.29a16 16 0 0 0 15.92-16V368a16 16 0 0 1 16-16h64a16 16 0 0 1 16 16v95.64a16 16 0 0 0 16 16.05L464 480a16 16 0 0 0 16-16V300L295.67 148.26a12.19 12.19 0 0 0-15.3 0zM571.6 251.47L488 182.56V44.05a12 12 0 0 0-12-12h-56a12 12 0 0 0-12 12v72.61L318.47 43a48 48 0 0 0-61 0L4.34 251.47a12 12 0 0 0-1.6 16.9l25.5 31A12 12 0 0 0 45.15 301l235.22-193.74a12.19 12.19 0 0 1 15.3 0L530.9 301a12 12 0 0 0 16.9-1.6l25.5-31a12 12 0 0 0-1.7-16.93z\"><\/path><\/svg>\t\t\t\t\t\t<\/span>\n\t\t\t\t\t\t\t\t\t\t<span class=\"elementor-icon-list-text\">Trang ch\u1ee7<\/span>\n\t\t\t\t\t\t\t\t\t\t\t<\/a>\n\t\t\t\t\t\t\t\t\t<\/li>\n\t\t\t\t\t\t\t\t<li class=\"elementor-icon-list-item elementor-inline-item\">\n\t\t\t\t\t\t\t\t\t\t<span class=\"elementor-icon-list-text\">\/<\/span>\n\t\t\t\t\t\t\t\t\t<\/li>\n\t\t\t\t\t\t\t\t<li class=\"elementor-icon-list-item elementor-inline-item\">\n\t\t\t\t\t\t\t\t\t\t\t<a href=\"https:\/\/xycoldroom.com\/\">\n\n\t\t\t\t\t\t\t\t\t\t\t<span class=\"elementor-icon-list-text\">Gi\u1edbi thi\u1ec7u v\u1ec1 ch\u00fang t\u00f4i<\/span>\n\t\t\t\t\t\t\t\t\t\t\t<\/a>\n\t\t\t\t\t\t\t\t\t<\/li>\n\t\t\t\t\t\t<\/ul>\n\t\t\t\t\t\t<\/div>\n\t\t\t\t<\/div>\n\t\t\t\t\t<\/div>\n\t\t\t\t<\/div>\n\t\t<div class=\"elementor-element elementor-element-2fb0b58 e-flex e-con-boxed e-con e-parent\" data-id=\"2fb0b58\" data-element_type=\"container\" data-e-type=\"container\" data-settings=\"{&quot;ekit_has_onepagescroll_dot&quot;:&quot;yes&quot;}\">\n\t\t\t\t\t<div class=\"e-con-inner\">\n\t\t\t\t<div class=\"elementor-element elementor-element-c8237b5 elementor-widget elementor-widget-heading\" data-id=\"c8237b5\" data-element_type=\"widget\" data-e-type=\"widget\" data-settings=\"{&quot;ekit_we_effect_on&quot;:&quot;none&quot;}\" data-widget_type=\"heading.default\">\n\t\t\t\t<div class=\"elementor-widget-container\">\n\t\t\t\t\t<h2 class=\"elementor-heading-title elementor-size-default\">v\u1ec1 ch\u00fang t\u00f4i<\/h2>\t\t\t\t<\/div>\n\t\t\t\t<\/div>\n\t\t\t\t\t<\/div>\n\t\t\t\t<\/div>\n\t\t<div class=\"elementor-element elementor-element-89af1ec e-con-full e-flex e-con e-parent\" data-id=\"89af1ec\" data-element_type=\"container\" data-e-type=\"container\" data-settings=\"{&quot;ekit_has_onepagescroll_dot&quot;:&quot;yes&quot;}\">\n\t\t<div class=\"elementor-element elementor-element-3be6c0c e-con-full e-flex e-con e-child\" data-id=\"3be6c0c\" data-element_type=\"container\" data-e-type=\"container\" data-settings=\"{&quot;ekit_has_onepagescroll_dot&quot;:&quot;yes&quot;}\">\n\t\t<div class=\"elementor-element elementor-element-4277715 e-con-full e-flex e-con e-child\" data-id=\"4277715\" data-element_type=\"container\" data-e-type=\"container\" data-settings=\"{&quot;ekit_has_onepagescroll_dot&quot;:&quot;yes&quot;}\">\n\t\t<div class=\"elementor-element elementor-element-754d061 e-flex e-con-boxed elementor-invisible e-con e-child\" data-id=\"754d061\" data-element_type=\"container\" data-e-type=\"container\" data-settings=\"{&quot;background_background&quot;:&quot;classic&quot;,&quot;animation&quot;:&quot;fadeInDown&quot;,&quot;ekit_has_onepagescroll_dot&quot;:&quot;yes&quot;}\">\n\t\t\t\t\t<div class=\"e-con-inner\">\n\t\t\t\t\t<\/div>\n\t\t\t\t<\/div>\n\t\t\t\t<\/div>\n\t\t<div class=\"elementor-element elementor-element-81f18b6 e-con-full e-flex elementor-invisible e-con e-child\" data-id=\"81f18b6\" data-element_type=\"container\" data-e-type=\"container\" data-settings=\"{&quot;animation&quot;:&quot;fadeInDown&quot;,&quot;ekit_has_onepagescroll_dot&quot;:&quot;yes&quot;}\">\n\t\t<div class=\"elementor-element elementor-element-fd42681 e-con-full e-flex e-con e-child\" data-id=\"fd42681\" data-element_type=\"container\" data-e-type=\"container\" data-settings=\"{&quot;ekit_has_onepagescroll_dot&quot;:&quot;yes&quot;}\">\n\t\t\t\t<div class=\"elementor-element elementor-element-dbb7348 elementor-widget elementor-widget-heading\" data-id=\"dbb7348\" data-element_type=\"widget\" data-e-type=\"widget\" data-settings=\"{&quot;ekit_we_effect_on&quot;:&quot;none&quot;}\" data-widget_type=\"heading.default\">\n\t\t\t\t<div class=\"elementor-widget-container\">\n\t\t\t\t\t<h4 class=\"elementor-heading-title elementor-size-default\">H\u1ed3 s\u01a1 c\u00f4ng ty<\/h4>\t\t\t\t<\/div>\n\t\t\t\t<\/div>\n\t\t\t\t<div class=\"elementor-element elementor-element-d4a47b0 elementor-widget elementor-widget-text-editor\" data-id=\"d4a47b0\" data-element_type=\"widget\" data-e-type=\"widget\" data-settings=\"{&quot;ekit_we_effect_on&quot;:&quot;none&quot;}\" data-widget_type=\"text-editor.default\">\n\t\t\t\t<div class=\"elementor-widget-container\">\n\t\t\t\t\t\t\t\t\t<p>Xinyu Refrigeration Co., Ltd. \u0111\u01b0\u1ee3c th\u00e0nh l\u1eadp v\u00e0o n\u0103m 1992 v\u00e0 chuy\u00ean v\u1ec1 thi\u1ebft k\u1ebf v\u00e0 l\u1eafp \u0111\u1eb7t k\u1ef9 thu\u1eadt kho l\u1ea1nh, b\u00e1n thi\u1ebft b\u1ecb l\u00e0m l\u1ea1nh, thi\u1ebft k\u1ebf v\u00e0 l\u1eafp \u0111\u1eb7t \u0111i\u1ec1u h\u00f2a kh\u00f4ng kh\u00ed trung t\u00e2m, v.v. Ho\u1ea1t \u0111\u1ed9ng kinh doanh c\u1ee7a c\u00f4ng ty bao g\u1ed3m ch\u1ebf bi\u1ebfn th\u1ef1c ph\u1ea9m, h\u1eadu c\u1ea7n chu\u1ed7i l\u1ea1nh, b\u1ea3o qu\u1ea3n tr\u00e1i c\u00e2y v\u00e0 rau qu\u1ea3, y sinh h\u1ecdc v\u00e0 c\u00e1c l\u0129nh v\u1ef1c kh\u00e1c. V\u1edbi h\u1ec7 th\u1ed1ng qu\u1ea3n l\u00fd ti\u00ean ti\u1ebfn v\u00e0 ch\u1ea5t l\u01b0\u1ee3ng x\u00e2y d\u1ef1ng ch\u1ea5t l\u01b0\u1ee3ng cao, c\u00f4ng ty \u0111\u00e3 gi\u00e0nh \u0111\u01b0\u1ee3c s\u1ef1 c\u00f4ng nh\u1eadn cao t\u1eeb kh\u00e1ch h\u00e0ng v\u00e0 t\u1ea1o d\u1ef1ng \u0111\u01b0\u1ee3c danh ti\u1ebfng t\u1ed1t trong ng\u00e0nh. Xinyu Refrigeration h\u1ee3p t\u00e1c v\u1edbi c\u00e1c vi\u1ec7n nghi\u00ean c\u1ee9u c\u00f4ng ngh\u1ec7 l\u00e0m l\u1ea1nh h\u1ea1ng nh\u1ea5t trong n\u01b0\u1edbc v\u00e0 li\u00ean t\u1ee5c t\u1ea1o ra nh\u1eefng \u0111\u1ed9t ph\u00e1 v\u1ec1 tr\u00ed tu\u1ec7 kho l\u1ea1nh, th\u00f4ng tin h\u00f3a, hi\u1ec7u qu\u1ea3 cao v\u00e0 ti\u1ebft ki\u1ec7m n\u0103ng l\u01b0\u1ee3ng, \u1ed5n \u0111\u1ecbnh ch\u1ea5t l\u01b0\u1ee3ng v\u00e0 c\u00e1c kh\u00eda c\u1ea1nh kh\u00e1c.<\/p>\t\t\t\t\t\t\t\t<\/div>\n\t\t\t\t<\/div>\n\t\t\t\t<\/div>\n\t\t\t\t<\/div>\n\t\t\t\t<\/div>\n\t\t\t\t<\/div>\n\t\t<div class=\"elementor-element elementor-element-d762f4c e-flex e-con-boxed e-con e-parent\" data-id=\"d762f4c\" data-element_type=\"container\" data-e-type=\"container\" data-settings=\"{&quot;ekit_has_onepagescroll_dot&quot;:&quot;yes&quot;}\">\n\t\t\t\t\t<div class=\"e-con-inner\">\n\t\t<div class=\"elementor-element elementor-element-1560155 e-con-full e-flex e-con e-child\" data-id=\"1560155\" data-element_type=\"container\" data-e-type=\"container\" data-settings=\"{&quot;ekit_has_onepagescroll_dot&quot;:&quot;yes&quot;}\">\n\t\t\t\t<div class=\"elementor-element elementor-element-dee541c elementor-widget elementor-widget-heading\" data-id=\"dee541c\" data-element_type=\"widget\" data-e-type=\"widget\" data-settings=\"{&quot;ekit_we_effect_on&quot;:&quot;none&quot;}\" data-widget_type=\"heading.default\">\n\t\t\t\t<div class=\"elementor-widget-container\">\n\t\t\t\t\t<h4 class=\"elementor-heading-title elementor-size-default\">gi\u1ea5y ch\u1ee9ng nh\u1eadn<\/h4>\t\t\t\t<\/div>\n\t\t\t\t<\/div>\n\t\t\t\t<\/div>\n\t\t\t\t\t<\/div>\n\t\t\t\t<\/div>\n\t\t<div class=\"elementor-element elementor-element-08ff966 e-flex e-con-boxed e-con e-parent\" data-id=\"08ff966\" data-element_type=\"container\" data-e-type=\"container\" data-settings=\"{&quot;ekit_has_onepagescroll_dot&quot;:&quot;yes&quot;}\">\n\t\t\t\t\t<div class=\"e-con-inner\">\n\t\t\t\t<div class=\"elementor-element elementor-element-215b8b5 elementor-widget elementor-widget-text-editor\" data-id=\"215b8b5\" data-element_type=\"widget\" data-e-type=\"widget\" data-settings=\"{&quot;ekit_we_effect_on&quot;:&quot;none&quot;}\" data-widget_type=\"text-editor.default\">\n\t\t\t\t<div class=\"elementor-widget-container\">\n\t\t\t\t\t\t\t\t\t<p>\u0110\u1ed9i ng\u0169 thi\u1ebft k\u1ebf\/x\u00e2y d\u1ef1ng\/s\u1ea3n xu\u1ea5t c\u1ee7a Xinyu Refrigeration cung c\u1ea5p cho b\u1ea1n chuy\u00ean m\u00f4n c\u1ea7n thi\u1ebft \u0111\u1ec3 x\u00e2y d\u1ef1ng th\u00e0nh c\u00f4ng m\u1ecdi lo\u1ea1i kho l\u1ea1nh.<\/p>\t\t\t\t\t\t\t\t<\/div>\n\t\t\t\t<\/div>\n\t\t\t\t\t<\/div>\n\t\t\t\t<\/div>\n\t\t<div class=\"elementor-element elementor-element-f33cd0a e-con-full e-flex e-con e-parent\" data-id=\"f33cd0a\" data-element_type=\"container\" data-e-type=\"container\" data-settings=\"{&quot;background_background&quot;:&quot;classic&quot;,&quot;ekit_has_onepagescroll_dot&quot;:&quot;yes&quot;}\">\n\t\t\t\t<div class=\"elementor-element elementor-element-9b28119 animated-slow e-transform elementor-invisible elementor-widget elementor-widget-image-carousel\" data-id=\"9b28119\" data-element_type=\"widget\" data-e-type=\"widget\" data-settings=\"{&quot;slides_to_show&quot;:&quot;6&quot;,&quot;slides_to_scroll&quot;:&quot;1&quot;,&quot;navigation&quot;:&quot;none&quot;,&quot;autoplay_speed&quot;:3000,&quot;speed&quot;:100,&quot;image_spacing_custom&quot;:{&quot;unit&quot;:&quot;px&quot;,&quot;size&quot;:30,&quot;sizes&quot;:[]},&quot;_animation&quot;:&quot;fadeInDown&quot;,&quot;autoplay&quot;:&quot;yes&quot;,&quot;pause_on_hover&quot;:&quot;yes&quot;,&quot;pause_on_interaction&quot;:&quot;yes&quot;,&quot;infinite&quot;:&quot;yes&quot;,&quot;image_spacing_custom_tablet&quot;:{&quot;unit&quot;:&quot;px&quot;,&quot;size&quot;:&quot;&quot;,&quot;sizes&quot;:[]},&quot;image_spacing_custom_mobile&quot;:{&quot;unit&quot;:&quot;px&quot;,&quot;size&quot;:&quot;&quot;,&quot;sizes&quot;:[]},&quot;ekit_we_effect_on&quot;:&quot;none&quot;,&quot;_transform_scaleX_effect&quot;:{&quot;unit&quot;:&quot;px&quot;,&quot;size&quot;:&quot;&quot;,&quot;sizes&quot;:[]},&quot;_transform_scaleX_effect_tablet&quot;:{&quot;unit&quot;:&quot;px&quot;,&quot;size&quot;:&quot;&quot;,&quot;sizes&quot;:[]},&quot;_transform_scaleX_effect_mobile&quot;:{&quot;unit&quot;:&quot;px&quot;,&quot;size&quot;:&quot;&quot;,&quot;sizes&quot;:[]},&quot;_transform_scaleY_effect&quot;:{&quot;unit&quot;:&quot;px&quot;,&quot;size&quot;:&quot;&quot;,&quot;sizes&quot;:[]},&quot;_transform_scaleY_effect_tablet&quot;:{&quot;unit&quot;:&quot;px&quot;,&quot;size&quot;:&quot;&quot;,&quot;sizes&quot;:[]},&quot;_transform_scaleY_effect_mobile&quot;:{&quot;unit&quot;:&quot;px&quot;,&quot;size&quot;:&quot;&quot;,&quot;sizes&quot;:[]}}\" data-widget_type=\"image-carousel.default\">\n\t\t\t\t<div class=\"elementor-widget-container\">\n\t\t\t\t\t\t\t<div class=\"elementor-image-carousel-wrapper swiper\" role=\"region\" aria-roledescription=\"carousel\" aria-label=\"H\u00ecnh \u1ea3nh Carousel\" dir=\"ltr\">\n\t\t\t<div class=\"elementor-image-carousel swiper-wrapper\" aria-live=\"off\">\n\t\t\t\t\t\t\t\t<div class=\"swiper-slide\" role=\"group\" aria-roledescription=\"slide\" aria-label=\"1 \/ 11\"><a data-elementor-open-lightbox=\"yes\" data-elementor-lightbox-slideshow=\"9b28119\" data-e-action-hash=\"#elementor-action%3Aaction%3Dlightbox%26settings%3DeyJpZCI6MTM1MCwidXJsIjoiaHR0cHM6XC9cL3h5Y29sZHJvb20uY29tXC93cC1jb250ZW50XC91cGxvYWRzXC8yMDI1XC8wMlwvXHU1ZmFlXHU0ZmUxXHU1NmZlXHU3MjQ3XzIwMjUwMjE0MTQzMDQzLmpwZyIsInNsaWRlc2hvdyI6IjliMjgxMTkifQ%3D%3D\" href=\"https:\/\/xycoldroom.com\/wp-content\/uploads\/2025\/02\/\u5fae\u4fe1\u56fe\u7247_20250214143043.jpg\"><figure class=\"swiper-slide-inner\"><img decoding=\"async\" class=\"swiper-slide-image\" src=\"https:\/\/xycoldroom.com\/wp-content\/uploads\/elementor\/thumbs\/\u5fae\u4fe1\u56fe\u7247_20250214143043-r1hd4ic0dux8i1k7ye7n4rkgpqz1bv722goyh111vs.jpg\" alt=\"\u5fae\u4fe1\u56fe\u7247_20250214143043\" \/><\/figure><\/a><\/div><div class=\"swiper-slide\" role=\"group\" aria-roledescription=\"slide\" aria-label=\"2 \/ 11\"><a data-elementor-open-lightbox=\"yes\" data-elementor-lightbox-slideshow=\"9b28119\" data-e-action-hash=\"#elementor-action%3Aaction%3Dlightbox%26settings%3DeyJpZCI6MzE1LCJ1cmwiOiJodHRwczpcL1wveHljb2xkcm9vbS5jb21cL3dwLWNvbnRlbnRcL3VwbG9hZHNcLzIwMjVcLzAyXC8yMDI1MDExNDIyMjYzNTY5NV8wMDA5LXNjYWxlZC5qcGciLCJzbGlkZXNob3ciOiI5YjI4MTE5In0%3D\" href=\"https:\/\/xycoldroom.com\/wp-content\/uploads\/2025\/02\/20250114222635695_0009-scaled.jpg\"><figure class=\"swiper-slide-inner\"><img decoding=\"async\" class=\"swiper-slide-image\" src=\"https:\/\/xycoldroom.com\/wp-content\/uploads\/elementor\/thumbs\/20250114222635695_0009-scaled-r0uib9uyjzonuq245yav52xfys9sn3y0iyl8fiqabs.jpg\" alt=\"20250114222635695_0009\" \/><\/figure><\/a><\/div><div class=\"swiper-slide\" role=\"group\" aria-roledescription=\"slide\" aria-label=\"3 \/ 11\"><a data-elementor-open-lightbox=\"yes\" data-elementor-lightbox-slideshow=\"9b28119\" data-e-action-hash=\"#elementor-action%3Aaction%3Dlightbox%26settings%3DeyJpZCI6MzE0LCJ1cmwiOiJodHRwczpcL1wveHljb2xkcm9vbS5jb21cL3dwLWNvbnRlbnRcL3VwbG9hZHNcLzIwMjVcLzAyXC8yMDI1MDExNDIyMjYzNTY5NV8wMDA4LXNjYWxlZC5qcGciLCJzbGlkZXNob3ciOiI5YjI4MTE5In0%3D\" href=\"https:\/\/xycoldroom.com\/wp-content\/uploads\/2025\/02\/20250114222635695_0008-scaled.jpg\"><figure class=\"swiper-slide-inner\"><img decoding=\"async\" class=\"swiper-slide-image\" src=\"https:\/\/xycoldroom.com\/wp-content\/uploads\/elementor\/thumbs\/20250114222635695_0008-scaled-r0uiawp7wb6nc6l8asm3668zne2nnchrt5gfpn9sqw.jpg\" alt=\"20250114222635695_0008\" \/><\/figure><\/a><\/div><div class=\"swiper-slide\" role=\"group\" aria-roledescription=\"slide\" aria-label=\"4 \/ 11\"><a data-elementor-open-lightbox=\"yes\" data-elementor-lightbox-slideshow=\"9b28119\" data-e-action-hash=\"#elementor-action%3Aaction%3Dlightbox%26settings%3DeyJpZCI6MzEzLCJ1cmwiOiJodHRwczpcL1wveHljb2xkcm9vbS5jb21cL3dwLWNvbnRlbnRcL3VwbG9hZHNcLzIwMjVcLzAyXC8yMDI1MDExNDIyMjYzNTY5NV8wMDA3LXNjYWxlZC5qcGciLCJzbGlkZXNob3ciOiI5YjI4MTE5In0%3D\" href=\"https:\/\/xycoldroom.com\/wp-content\/uploads\/2025\/02\/20250114222635695_0007-scaled.jpg\"><figure class=\"swiper-slide-inner\"><img decoding=\"async\" class=\"swiper-slide-image\" src=\"https:\/\/xycoldroom.com\/wp-content\/uploads\/elementor\/thumbs\/20250114222635695_0007-scaled-r0uiailn1snci15pl4iomrt2qm05fvxsr7o5ihupc8.jpg\" alt=\"20250114222635695_0007\" \/><\/figure><\/a><\/div><div class=\"swiper-slide\" role=\"group\" aria-roledescription=\"slide\" aria-label=\"5 \/ 11\"><a data-elementor-open-lightbox=\"yes\" data-elementor-lightbox-slideshow=\"9b28119\" data-e-action-hash=\"#elementor-action%3Aaction%3Dlightbox%26settings%3DeyJpZCI6MzEyLCJ1cmwiOiJodHRwczpcL1wveHljb2xkcm9vbS5jb21cL3dwLWNvbnRlbnRcL3VwbG9hZHNcLzIwMjVcLzAyXC8yMDI1MDExNDIyMjYzNTY5NV8wMDA2LXNjYWxlZC5qcGciLCJzbGlkZXNob3ciOiI5YjI4MTE5In0%3D\" href=\"https:\/\/xycoldroom.com\/wp-content\/uploads\/2025\/02\/20250114222635695_0006-scaled.jpg\"><figure class=\"swiper-slide-inner\"><img decoding=\"async\" class=\"swiper-slide-image\" src=\"https:\/\/xycoldroom.com\/wp-content\/uploads\/elementor\/thumbs\/20250114222635695_0006-scaled-r0uia4i27a41nvq6vgfa3dd5ttxn8fdtp9vvbcflxk.jpg\" alt=\"20250114222635695_0006\" \/><\/figure><\/a><\/div><div class=\"swiper-slide\" role=\"group\" aria-roledescription=\"slide\" aria-label=\"6 \/ 11\"><a data-elementor-open-lightbox=\"yes\" data-elementor-lightbox-slideshow=\"9b28119\" data-e-action-hash=\"#elementor-action%3Aaction%3Dlightbox%26settings%3DeyJpZCI6MzExLCJ1cmwiOiJodHRwczpcL1wveHljb2xkcm9vbS5jb21cL3dwLWNvbnRlbnRcL3VwbG9hZHNcLzIwMjVcLzAyXC8yMDI1MDExNDIyMjYzNTY5NV8wMDA1LXNjYWxlZC5qcGciLCJzbGlkZXNob3ciOiI5YjI4MTE5In0%3D\" href=\"https:\/\/xycoldroom.com\/wp-content\/uploads\/2025\/02\/20250114222635695_0005-scaled.jpg\"><figure class=\"swiper-slide-inner\"><img decoding=\"async\" class=\"swiper-slide-image\" src=\"https:\/\/xycoldroom.com\/wp-content\/uploads\/elementor\/thumbs\/20250114222635695_0005-scaled-r0ui9rcbjlm15c9b0aqi4gopifqi8nxkzgr2lgz4co.jpg\" alt=\"20250114222635695_0005\" \/><\/figure><\/a><\/div><div class=\"swiper-slide\" role=\"group\" aria-roledescription=\"slide\" aria-label=\"7 \/ 11\"><a data-elementor-open-lightbox=\"yes\" data-elementor-lightbox-slideshow=\"9b28119\" data-e-action-hash=\"#elementor-action%3Aaction%3Dlightbox%26settings%3DeyJpZCI6MzEwLCJ1cmwiOiJodHRwczpcL1wveHljb2xkcm9vbS5jb21cL3dwLWNvbnRlbnRcL3VwbG9hZHNcLzIwMjVcLzAyXC8yMDI1MDExNDIyMjYzNTY5NV8wMDA0LXNjYWxlZC5qcGciLCJzbGlkZXNob3ciOiI5YjI4MTE5In0%3D\" href=\"https:\/\/xycoldroom.com\/wp-content\/uploads\/2025\/02\/20250114222635695_0004-scaled.jpg\"><figure class=\"swiper-slide-inner\"><img decoding=\"async\" class=\"swiper-slide-image\" src=\"https:\/\/xycoldroom.com\/wp-content\/uploads\/elementor\/thumbs\/20250114222635695_0004-scaled-r0ui9d8qp32qb6tsamn3l28slno017dlxiysebk0y0.jpg\" alt=\"20250114222635695_0004\" \/><\/figure><\/a><\/div><div class=\"swiper-slide\" role=\"group\" aria-roledescription=\"slide\" aria-label=\"8 \/ 11\"><a data-elementor-open-lightbox=\"yes\" data-elementor-lightbox-slideshow=\"9b28119\" data-e-action-hash=\"#elementor-action%3Aaction%3Dlightbox%26settings%3DeyJpZCI6MzA5LCJ1cmwiOiJodHRwczpcL1wveHljb2xkcm9vbS5jb21cL3dwLWNvbnRlbnRcL3VwbG9hZHNcLzIwMjVcLzAyXC8yMDI1MDExNDIyMjYzNTY5NV8wMDAzLXNjYWxlZC5qcGciLCJzbGlkZXNob3ciOiI5YjI4MTE5In0%3D\" href=\"https:\/\/xycoldroom.com\/wp-content\/uploads\/2025\/02\/20250114222635695_0003-scaled.jpg\"><figure class=\"swiper-slide-inner\"><img decoding=\"async\" class=\"swiper-slide-image\" src=\"https:\/\/xycoldroom.com\/wp-content\/uploads\/elementor\/thumbs\/20250114222635695_0003-scaled-r0ui8z55ukjfh1e9kyjp1nsvovlhtqtmvl6i764xjc.jpg\" alt=\"20250114222635695_0003\" \/><\/figure><\/a><\/div><div class=\"swiper-slide\" role=\"group\" aria-roledescription=\"slide\" aria-label=\"9 \/ 11\"><a data-elementor-open-lightbox=\"yes\" data-elementor-lightbox-slideshow=\"9b28119\" data-e-action-hash=\"#elementor-action%3Aaction%3Dlightbox%26settings%3DeyJpZCI6MzA4LCJ1cmwiOiJodHRwczpcL1wveHljb2xkcm9vbS5jb21cL3dwLWNvbnRlbnRcL3VwbG9hZHNcLzIwMjVcLzAyXC8yMDI1MDExNDIyMjYzNTY5NV8wMDAyLXNjYWxlZC5qcGciLCJzbGlkZXNob3ciOiI5YjI4MTE5In0%3D\" href=\"https:\/\/xycoldroom.com\/wp-content\/uploads\/2025\/02\/20250114222635695_0002-scaled.jpg\"><figure class=\"swiper-slide-inner\"><img decoding=\"async\" class=\"swiper-slide-image\" src=\"https:\/\/xycoldroom.com\/wp-content\/uploads\/elementor\/thumbs\/20250114222635695_0002-scaled-r0ui8l1l0204mvyqvagai9cys3izma9ntne800pu4o.jpg\" alt=\"20250114222635695_0002\" \/><\/figure><\/a><\/div><div class=\"swiper-slide\" role=\"group\" aria-roledescription=\"slide\" aria-label=\"10 \/ 11\"><a data-elementor-open-lightbox=\"yes\" data-elementor-lightbox-slideshow=\"9b28119\" data-e-action-hash=\"#elementor-action%3Aaction%3Dlightbox%26settings%3DeyJpZCI6MzA3LCJ1cmwiOiJodHRwczpcL1wveHljb2xkcm9vbS5jb21cL3dwLWNvbnRlbnRcL3VwbG9hZHNcLzIwMjVcLzAyXC8yMDI1MDExNDIyMjYzNTY5NV8wMDAxLXNjYWxlZC5qcGciLCJzbGlkZXNob3ciOiI5YjI4MTE5In0%3D\" href=\"https:\/\/xycoldroom.com\/wp-content\/uploads\/2025\/02\/20250114222635695_0001-scaled.jpg\"><figure class=\"swiper-slide-inner\"><img decoding=\"async\" class=\"swiper-slide-image\" src=\"https:\/\/xycoldroom.com\/wp-content\/uploads\/elementor\/thumbs\/20250114222635695_0001-scaled-r0ui87vucdi44chv04rijcoigpbumitf3u9fa59cjs.jpg\" alt=\"20250114222635695_0001\" \/><\/figure><\/a><\/div><div class=\"swiper-slide\" role=\"group\" aria-roledescription=\"slide\" aria-label=\"11 \/ 11\"><a data-elementor-open-lightbox=\"yes\" data-elementor-lightbox-slideshow=\"9b28119\" data-e-action-hash=\"#elementor-action%3Aaction%3Dlightbox%26settings%3DeyJpZCI6MzA2LCJ1cmwiOiJodHRwczpcL1wveHljb2xkcm9vbS5jb21cL3dwLWNvbnRlbnRcL3VwbG9hZHNcLzIwMjVcLzAyXC8yMDI1MDExNDIyMjQ1MDQyMF8wMDAxLXNjYWxlZC5qcGciLCJzbGlkZXNob3ciOiI5YjI4MTE5In0%3D\" href=\"https:\/\/xycoldroom.com\/wp-content\/uploads\/2025\/02\/20250114222450420_0001-scaled.jpg\"><figure class=\"swiper-slide-inner\"><img decoding=\"async\" class=\"swiper-slide-image\" src=\"https:\/\/xycoldroom.com\/wp-content\/uploads\/elementor\/thumbs\/20250114222450420_0001-scaled-r0ui7ts9huyta72cago3zy8ljx9cf29g1wh52zu954.jpg\" alt=\"20250114222450420_0001\" \/><\/figure><\/a><\/div>\t\t\t<\/div>\n\t\t\t\t\t\t\t\n\t\t\t\t\t\t\t\t\t<\/div>\n\t\t\t\t\t\t<\/div>\n\t\t\t\t<\/div>\n\t\t\t\t<\/div>\n\t\t\t\t<\/div>","protected":false},"excerpt":{"rendered":"<p>about Us Home \/ About Us about Us Company Profile Xinyu Refrigeration Co., Ltd. was established in 1992 and specializes in cold storage engineering design and installation, refrigeration equipment sales, central air conditioning design and installation, etc. The company&#8217;s business involves food processing, cold chain logistics, fruit and vegetable preservation, biomedicine and other fields. With [&hellip;]<\/p>","protected":false},"author":1,"featured_media":0,"parent":0,"menu_order":0,"comment_status":"closed","ping_status":"closed","template":"","meta":{"footnotes":""},"class_list":["post-258","page","type-page","status-publish","hentry"],"_links":{"self":[{"href":"https:\/\/xycoldroom.com\/vi\/wp-json\/wp\/v2\/pages\/258","targetHints":{"allow":["GET"]}}],"collection":[{"href":"https:\/\/xycoldroom.com\/vi\/wp-json\/wp\/v2\/pages"}],"about":[{"href":"https:\/\/xycoldroom.com\/vi\/wp-json\/wp\/v2\/types\/page"}],"author":[{"embeddable":true,"href":"https:\/\/xycoldroom.com\/vi\/wp-json\/wp\/v2\/users\/1"}],"replies":[{"embeddable":true,"href":"https:\/\/xycoldroom.com\/vi\/wp-json\/wp\/v2\/comments?post=258"}],"version-history":[{"count":76,"href":"https:\/\/xycoldroom.com\/vi\/wp-json\/wp\/v2\/pages\/258\/revisions"}],"predecessor-version":[{"id":1680,"href":"https:\/\/xycoldroom.com\/vi\/wp-json\/wp\/v2\/pages\/258\/revisions\/1680"}],"wp:attachment":[{"href":"https:\/\/xycoldroom.com\/vi\/wp-json\/wp\/v2\/media?parent=258"}],"curies":[{"name":"wp","href":"https:\/\/api.w.org\/{rel}","templated":true}]}}